{"id":933,"date":"2015-04-11T08:52:42","date_gmt":"2015-04-11T06:52:42","guid":{"rendered":"http:\/\/amis-marbach.org\/wp\/?page_id=933"},"modified":"2015-07-10T17:32:36","modified_gmt":"2015-07-10T15:32:36","slug":"le-mot-de-la-presidente","status":"publish","type":"page","link":"https:\/\/amis-marbach.org\/wp\/le-mot-de-la-presidente\/","title":{"rendered":"Le mot de la Pr\u00e9sidente"},"content":{"rendered":"<p><a href=\"https:\/\/amis-marbach.org\/wp\/wp-content\/uploads\/2014-09-06-I-A-LE-STAND-DE-LASSOCIATION-2.jpg\"><img loading=\"lazy\" decoding=\"async\" class=\"alignleft wp-image-934 size-medium\" src=\"https:\/\/amis-marbach.org\/wp\/wp-content\/uploads\/2014-09-06-I-A-LE-STAND-DE-LASSOCIATION-2-169x300.jpg\" alt=\"2014 09 06  I A  LE STAND DE L'ASSOCIATION 2\" width=\"169\" height=\"300\" srcset=\"https:\/\/amis-marbach.org\/wp\/wp-content\/uploads\/2014-09-06-I-A-LE-STAND-DE-LASSOCIATION-2-169x300.jpg 169w, https:\/\/amis-marbach.org\/wp\/wp-content\/uploads\/2014-09-06-I-A-LE-STAND-DE-LASSOCIATION-2-576x1024.jpg 576w, https:\/\/amis-marbach.org\/wp\/wp-content\/uploads\/2014-09-06-I-A-LE-STAND-DE-LASSOCIATION-2-84x150.jpg 84w\" sizes=\"auto, (max-width: 169px) 100vw, 169px\" \/><\/a>Depuis 1987, date de cr\u00e9ation du jumelage entre Marbach am Neckar et L&rsquo;Isle-Adam, l&rsquo;Association des Amis du Jumelage a mis en pratique, tant au niveau des \u00e9lus que des adh\u00e9rents, les principes et actions encourag\u00e9s par le <a title=\"CCRE\" href=\"http:\/\/www.ccre.org\/fr\/article\/a_propos_du_ccre\" target=\"_blank\">Conseil des Communes et des R\u00e9gions d&rsquo;Europe<\/a> (CCRE) dont la devise me semble parfaite :<\/p>\n<p style=\"text-align: center;\"><strong><span style=\"color: #e86609;\">\u00ab\u00a0Se jumeler pour \u00e9changer;<\/span><\/strong><br \/>\n<strong><span style=\"color: #e86609;\"> Echanger pour apprendre;<\/span><\/strong><br \/>\n<strong><span style=\"color: #e86609;\"> Apprendre pour comprendre;<\/span><\/strong><br \/>\n<strong><span style=\"color: #e86609;\"> Comprendre pour vivre ensemble.\u00a0\u00bb<\/span><\/strong><\/p>\n<p>Si, vous aussi, vous voulez participer au renforcement des liens franco-allemands, \u00e9largir encore le cercle des amiti\u00e9s qui se sont nou\u00e9es entre nos deux villes, <a title=\"Adh\u00e9rer\" href=\"https:\/\/amis-marbach.org\/wp\/adherer-nous-contacter\/\" target=\"_blank\">venez nous rejoindre<\/a> au sein de l&rsquo;association !<\/p>\n<p style=\"text-align: center;\">Isabel Delais<br \/>\nPr\u00e9sidente<\/p>\n","protected":false},"excerpt":{"rendered":"<p>Depuis 1987, date de cr\u00e9ation du jumelage entre Marbach am Neckar et L&rsquo;Isle-Adam, l&rsquo;Association des Amis du Jumelage a mis en pratique, tant au niveau des \u00e9lus que des adh\u00e9rents, les principes et actions encourag\u00e9s par le Conseil des Communes et des R\u00e9gions d&rsquo;Europe (CCRE) dont la devise me semble \u2026 <a class=\"continue-reading-link\" href=\"https:\/\/amis-marbach.org\/wp\/le-mot-de-la-presidente\/\"> Lire la suite <span class=\"meta-nav\">&rarr; <\/span><\/a><\/p>\n","protected":false},"author":1,"featured_media":0,"parent":0,"menu_order":0,"comment_status":"closed","ping_status":"open","template":"","meta":{"ngg_post_thumbnail":0,"footnotes":""},"class_list":["post-933","page","type-page","status-publish","hentry"],"_links":{"self":[{"href":"https:\/\/amis-marbach.org\/wp\/wp-json\/wp\/v2\/pages\/933","targetHints":{"allow":["GET"]}}],"collection":[{"href":"https:\/\/amis-marbach.org\/wp\/wp-json\/wp\/v2\/pages"}],"about":[{"href":"https:\/\/amis-marbach.org\/wp\/wp-json\/wp\/v2\/types\/page"}],"author":[{"embeddable":true,"href":"https:\/\/amis-marbach.org\/wp\/wp-json\/wp\/v2\/users\/1"}],"replies":[{"embeddable":true,"href":"https:\/\/amis-marbach.org\/wp\/wp-json\/wp\/v2\/comments?post=933"}],"version-history":[{"count":7,"href":"https:\/\/amis-marbach.org\/wp\/wp-json\/wp\/v2\/pages\/933\/revisions"}],"predecessor-version":[{"id":1403,"href":"https:\/\/amis-marbach.org\/wp\/wp-json\/wp\/v2\/pages\/933\/revisions\/1403"}],"wp:attachment":[{"href":"https:\/\/amis-marbach.org\/wp\/wp-json\/wp\/v2\/media?parent=933"}],"curies":[{"name":"wp","href":"https:\/\/api.w.org\/{rel}","templated":true}]}}