{"id":1038,"date":"2015-04-13T11:50:41","date_gmt":"2015-04-13T09:50:41","guid":{"rendered":"http:\/\/amis-marbach.org\/wp\/?page_id=1038"},"modified":"2020-05-05T16:35:24","modified_gmt":"2020-05-05T14:35:24","slug":"domaine-economie","status":"publish","type":"page","link":"https:\/\/amis-marbach.org\/wp\/domaine-economie\/","title":{"rendered":"Economie"},"content":{"rendered":"<p>&#8211; <a href=\"http:\/\/www.club-economique-franco-allemand.org\" target=\"_blank\" rel=\"noopener noreferrer\">Club Economique Franco-allemand<\/a> (CEFA):\u00a0Le Club \u00e9conomique Franco Allemand a \u00e9t\u00e9 cr\u00e9\u00e9 en 2005 \u00e0 l\u2019initiative de quelques Fran\u00e7ais et d\u2019Allemands, responsables d\u2019entreprises, souhaitant la pr\u00e9sence \u00e0 Paris d\u2019un espace de rencontre vraiment priv\u00e9 et ind\u00e9pendant.<\/p>\n<p>&#8211; <a href=\"http:\/\/www.francoallemand.com\/fr\/\" target=\"_blank\" rel=\"noopener noreferrer\">Chambre Franco-allemande de Commerce et d&rsquo;Industrie<\/a> :\u00a0La Chambre Franco-Allemande de Commerce et d\u2019Industrie r\u00e9unit environ 850 entreprises et institutions pour lesquelles l&rsquo;entretien et le d\u00e9veloppement des relations commerciales franco-allemandes rev\u00eatent une importance particuli\u00e8re. La Chambre a \u00e9t\u00e9 fond\u00e9e le 15 juin 1955 et appartient au r\u00e9seau des Chambres de Commerce allemandes \u00e0 l&rsquo;\u00e9tranger (AHK)\u00a0reconnues par la F\u00e9d\u00e9ration des chambres de commerce et d&rsquo;industrie allemandes (DIHK) et est soutenue par le Minist\u00e8re f\u00e9d\u00e9ral de l\u2019Economie et de la Technologie sur d\u00e9cision du parlement allemand.<\/p>\n<p>&#8211; <a href=\"https:\/\/www.destatis.de\" target=\"_blank\" rel=\"noopener noreferrer\">Statistiches Bundesamt<\/a> (DESTATIS) : Das Statistische Bundesamt ist der f\u00fchrende Anbieter qualitativ hochwertiger statistischer Informationen \u00fcber Deutschland.<br \/>\nWir liefern die f\u00fcr die Willensbildung und die Entscheidungsprozesse in einer demokratischen Gesellschaft notwendigen statistischen Informationen und garantieren die Neutralit\u00e4t, Objektivit\u00e4t und wissenschaftliche Unabh\u00e4ngigkeit unserer Arbeiten sowie die vertrauliche Behandlung der uns \u00fcberlassenen Einzeldaten.<br \/>\nUnsere Leistungsf\u00e4higkeit beruht auf der innovativen Kraft, Kompetenz und Kundenorientierung unserer Mitarbeiterinnen und Mitarbeiter.<\/p>\n","protected":false},"excerpt":{"rendered":"<p>&#8211; Club Economique Franco-allemand (CEFA):\u00a0Le Club \u00e9conomique Franco Allemand a \u00e9t\u00e9 cr\u00e9\u00e9 en 2005 \u00e0 l\u2019initiative de quelques Fran\u00e7ais et d\u2019Allemands, responsables d\u2019entreprises, souhaitant la pr\u00e9sence \u00e0 Paris d\u2019un espace de rencontre vraiment priv\u00e9 et ind\u00e9pendant. &#8211; Chambre Franco-allemande de Commerce et d&rsquo;Industrie :\u00a0La Chambre Franco-Allemande de Commerce et d\u2019Industrie \u2026 <a class=\"continue-reading-link\" href=\"https:\/\/amis-marbach.org\/wp\/domaine-economie\/\"> Lire la suite <span class=\"meta-nav\">&rarr; <\/span><\/a><\/p>\n","protected":false},"author":1,"featured_media":0,"parent":0,"menu_order":0,"comment_status":"closed","ping_status":"open","template":"","meta":{"ngg_post_thumbnail":0,"footnotes":""},"class_list":["post-1038","page","type-page","status-publish","hentry"],"_links":{"self":[{"href":"https:\/\/amis-marbach.org\/wp\/wp-json\/wp\/v2\/pages\/1038","targetHints":{"allow":["GET"]}}],"collection":[{"href":"https:\/\/amis-marbach.org\/wp\/wp-json\/wp\/v2\/pages"}],"about":[{"href":"https:\/\/amis-marbach.org\/wp\/wp-json\/wp\/v2\/types\/page"}],"author":[{"embeddable":true,"href":"https:\/\/amis-marbach.org\/wp\/wp-json\/wp\/v2\/users\/1"}],"replies":[{"embeddable":true,"href":"https:\/\/amis-marbach.org\/wp\/wp-json\/wp\/v2\/comments?post=1038"}],"version-history":[{"count":6,"href":"https:\/\/amis-marbach.org\/wp\/wp-json\/wp\/v2\/pages\/1038\/revisions"}],"predecessor-version":[{"id":4706,"href":"https:\/\/amis-marbach.org\/wp\/wp-json\/wp\/v2\/pages\/1038\/revisions\/4706"}],"wp:attachment":[{"href":"https:\/\/amis-marbach.org\/wp\/wp-json\/wp\/v2\/media?parent=1038"}],"curies":[{"name":"wp","href":"https:\/\/api.w.org\/{rel}","templated":true}]}}