{"id":1034,"date":"2015-04-13T11:47:51","date_gmt":"2015-04-13T09:47:51","guid":{"rendered":"http:\/\/amis-marbach.org\/wp\/?page_id=1034"},"modified":"2021-12-14T18:28:24","modified_gmt":"2021-12-14T17:28:24","slug":"domaine-politique","status":"publish","type":"page","link":"https:\/\/amis-marbach.org\/wp\/domaine-politique\/","title":{"rendered":"Politique"},"content":{"rendered":"<p>&#8211; <a href=\"http:\/\/www.auswaertiges-amt.de\/DE\/AAmt\/Leichte%20Sprache\/Leichte_Sprache_Uebersicht_node.html\" target=\"_blank\" rel=\"noopener noreferrer\">Les Affaires Etrang\u00e8res Allemandes<\/a> : En allemand, langage courant.<\/p>\n<p>&#8211;<a href=\"https:\/\/dgap.org\/de\" target=\"_blank\" rel=\"noopener noreferrer\">\u00a0Die Deutsche Gesellschaft f\u00fcr Ausw\u00e4rtige Politik e.V.<\/a> (DGAP) : Die DGAP ist das nationale Netzwerk f\u00fcr Au\u00dfenpolitik. Als unabh\u00e4ngiger, \u00fcberparteilicher und gemeinn\u00fctziger Verein f\u00f6rdert die DGAP seit 60 Jahren die au\u00dfenpolitische Meinungsbildung in Deutschland.<\/p>\n<p>&#8211; <a href=\"http:\/\/www.france-allemagne.fr\/-France-.html\" target=\"_blank\" rel=\"noopener noreferrer\">France-allemagne.fr<\/a> : Portail franco-allemand\u00a0g\u00e9r\u00e9 par le minist\u00e8re des Affaires \u00e9trang\u00e8res et du D\u00e9veloppement international (<a class=\"spip_out\" href=\"http:\/\/www.diplomatie.gouv.fr\/fr\/\" target=\"_blank\" rel=\"external noopener noreferrer\">www.diplomatie.gouv.fr<\/a>), conjointement avec l\u2019Ausw\u00e4rtiges Amt (<a class=\"spip_out\" href=\"https:\/\/www.auswaertiges-amt.de\/de\/\" target=\"_blank\" rel=\"external noopener noreferrer\">www.auswaertiges-amt.de<\/a>).<\/p>\n<p>&#8211; <a href=\"http:\/\/www.afccre.org\/fr\/decouvrir-lafccre\/presentation#.VSkqFaZvpVc\" target=\"_blank\" rel=\"noopener noreferrer\">Association Fran\u00e7aise du Conseil des Communes et des R\u00e9gions d&rsquo;Europe<\/a> (AFCCRE) : L&rsquo;AFCCRE est une association nationale cr\u00e9\u00e9e en 1951 .<br \/>\nA l&rsquo;origine du mouvement des jumelages en Europe au lendemain de la Seconde Guerre mondiale, l&rsquo;AFCCRE a peu \u00e0 peu diversifi\u00e9 ses actions pour couvrir l&rsquo;ensemble des politiques europ\u00e9ennes int\u00e9ressant directement ou indirectement les collectivit\u00e9s territoriales fran\u00e7aises.<\/p>\n<p>&#8211; <a href=\"http:\/\/www.dokumente-documents.info\" target=\"_blank\" rel=\"noopener noreferrer\">Dokumente\/Documents<\/a> (Revue du Dialogue Allemand):\u00a0Dokumente\/Documents informiert \u00fcber die aktuellen politischen, gesellschaftlichen und kulturellen Entwicklungen in Frankreich und Deutschland sowie \u00fcber zentrale Fragen der deutsch-franz\u00f6sischen Zusammenarbeit.<\/p>\n<p>&#8211; <a href=\"https:\/\/www.fesparis.org\/\" target=\"_blank\" rel=\"noopener\">Freidrich Ebert Stiftung<\/a>\u00a0(FES) :\u00a0Fond\u00e9e en\u00a01925, la Friedrich-Ebert-Stiftung (FES) est la plus ancienne fondation politique d\u2019Allemagne. Perp\u00e9tuant l\u2019h\u00e9ritage politique de Friedrich Ebert, elle d\u00e9fend les valeurs fondamentales de la social-d\u00e9mocratie que sont la libert\u00e9, la justice et la solidarit\u00e9. Ces valeurs la lient aux id\u00e9aux de la social-d\u00e9mocratie et des syndicats libres.<br \/>\n&#8211; <a href=\"http:\/\/www.stiftung-genshagen.de\/fr\/dialogue-artistique-et-culturel-en-europe\/qui-sommes-nous.html\" target=\"_blank\" rel=\"noopener noreferrer\">Stiftung Genshagen<\/a> :\u00a0L\u2019Europe est un projet politique et culturel. C\u2019est \u00e0 ces deux aspects fondamentaux de l\u2019Union europ\u00e9enne que se consacre la Fondation Genshagen, lieu de rencontre et de dialogue entre art et culture, politique, \u00e9conomie, science et m\u00e9dias. \u00c0 la jonction entre la soci\u00e9t\u00e9 civile et l\u2019\u00c9tat, la Fondation op\u00e8re depuis 2009 sur deux domaines d\u2019activit\u00e9s\u00a0: <i>Dialogue artistique et culturel en Europe,<\/i> et <i>Dialogue europ\u00e9en <\/i>\u2013 l\u2019Europe doit avoir une r\u00e9flexion politique.<\/p>\n","protected":false},"excerpt":{"rendered":"<p>&#8211; Les Affaires Etrang\u00e8res Allemandes : En allemand, langage courant. &#8211;\u00a0Die Deutsche Gesellschaft f\u00fcr Ausw\u00e4rtige Politik e.V. (DGAP) : Die DGAP ist das nationale Netzwerk f\u00fcr Au\u00dfenpolitik. Als unabh\u00e4ngiger, \u00fcberparteilicher und gemeinn\u00fctziger Verein f\u00f6rdert die DGAP seit 60 Jahren die au\u00dfenpolitische Meinungsbildung in Deutschland. &#8211; France-allemagne.fr : Portail franco-allemand\u00a0g\u00e9r\u00e9 par \u2026 <a class=\"continue-reading-link\" href=\"https:\/\/amis-marbach.org\/wp\/domaine-politique\/\"> Lire la suite <span class=\"meta-nav\">&rarr; <\/span><\/a><\/p>\n","protected":false},"author":1,"featured_media":0,"parent":0,"menu_order":0,"comment_status":"closed","ping_status":"open","template":"","meta":{"ngg_post_thumbnail":0,"footnotes":""},"class_list":["post-1034","page","type-page","status-publish","hentry"],"_links":{"self":[{"href":"https:\/\/amis-marbach.org\/wp\/wp-json\/wp\/v2\/pages\/1034","targetHints":{"allow":["GET"]}}],"collection":[{"href":"https:\/\/amis-marbach.org\/wp\/wp-json\/wp\/v2\/pages"}],"about":[{"href":"https:\/\/amis-marbach.org\/wp\/wp-json\/wp\/v2\/types\/page"}],"author":[{"embeddable":true,"href":"https:\/\/amis-marbach.org\/wp\/wp-json\/wp\/v2\/users\/1"}],"replies":[{"embeddable":true,"href":"https:\/\/amis-marbach.org\/wp\/wp-json\/wp\/v2\/comments?post=1034"}],"version-history":[{"count":9,"href":"https:\/\/amis-marbach.org\/wp\/wp-json\/wp\/v2\/pages\/1034\/revisions"}],"predecessor-version":[{"id":4910,"href":"https:\/\/amis-marbach.org\/wp\/wp-json\/wp\/v2\/pages\/1034\/revisions\/4910"}],"wp:attachment":[{"href":"https:\/\/amis-marbach.org\/wp\/wp-json\/wp\/v2\/media?parent=1034"}],"curies":[{"name":"wp","href":"https:\/\/api.w.org\/{rel}","templated":true}]}}